{"id":3,"date":"2024-08-20T09:44:04","date_gmt":"2024-08-20T09:44:04","guid":{"rendered":"http:\/\/azoresgolfislands.com\/?page_id=3"},"modified":"2024-09-16T11:56:54","modified_gmt":"2024-09-16T11:56:54","slug":"politica-de-privacidade","status":"publish","type":"page","link":"http:\/\/azoresgolfislands.com\/en\/politica-de-privacidade\/","title":{"rendered":"Privacy policy"},"content":{"rendered":"<p><b>DECLARATION OF CONSENT <\/b><span style=\"font-weight: 400;\">to <\/span><b>PRIVACY POLICY<\/b><b><br \/><br \/><\/b><\/p>\r\n<p><span style=\"font-weight: 400;\">By accepting this Privacy Policy you are consenting to the lhas de Valor SA<\/span><span style=\"font-weight: 400;\">, legal person number 512 093 601<\/span><span style=\"font-weight: 400;\">, com sede na Rua do Bom Jesus Aflitos s\/n 9545-294 Fenais da Luz<\/span><span style=\"font-weight: 400;\">handle your data in the personal gift of the registration form, and your request for contact, which confirms that he is the owner, as well as the details of their trade relationship, and the contract and its management, in accordance with this Privacy Policy.<\/span><\/p>\r\n<p><span style=\"font-weight: 400;\">States, in addition:<\/span><span style=\"font-weight: 400;\"><br \/><\/span><\/p>\r\n<ol>\r\n<li style=\"font-weight: 400;\" aria-level=\"1\"><span style=\"font-weight: 400;\">be aware and fully informed that the processing of your personal data consists of all transactions carried out on the data that you have transmitted, by any automated means or not, for the purposes of: <\/span><span style=\"font-weight: 400;\"><br \/><\/span><span style=\"font-weight: 400;\"><br \/><\/span><span style=\"font-weight: 400;\">\u2013 to improve the operation and functionality of the website<\/span><span style=\"font-weight: 400;\">\u00a0(including in cases in which the personal data will be aggregated and treated as a statistical, without which they may be identified by any of the third parties to whom you will be provided);<\/span><span style=\"font-weight: 400;\"><br \/><\/span><span style=\"font-weight: 400;\">\u2013 to improve and customize the services rendered to him;<\/span><\/li>\r\n<\/ol>\r\n<p><span style=\"font-weight: 400;\">\u2013 to process you transactions that are related to our online shop;<\/span><span style=\"font-weight: 400;\"><br \/><\/span><span style=\"font-weight: 400;\">\u2013 to contact you via e-mail, text message, or by phone \u2013 to send you information or updates about your transactions and orders, as well as information about new products or services to you; <\/span><span style=\"font-weight: 400;\"><br \/><\/span><span style=\"font-weight: 400;\">\u2013 interact with the platforms of social media<\/span><span style=\"font-weight: 400;\"><br \/><br \/><\/span><\/p>\r\n<ol>\r\n<li style=\"font-weight: 400;\" aria-level=\"1\"><span style=\"font-weight: 400;\">aceitar e consentir o livre uso e reprodu\u00e7\u00e3o, pela Ilhas de Valor SA<\/span><span style=\"font-weight: 400;\">of the contents of your publicly available and\/or published on the platforms and on social media, which has been referred to, explicitly and specifically, the \u201chashtag<\/span><span style=\"font-weight: 400;\">\u201d azoresgolfeislands, <\/span><span style=\"font-weight: 400;\">all of our brands, products and \/ or services to you;<\/span><span style=\"font-weight: 400;\"><br \/><\/span><\/li>\r\n<li style=\"font-weight: 400;\" aria-level=\"1\"><span style=\"font-weight: 400;\">take notice that, pursuant to applicable law, may prevent, limit or correct or request deletion with regard to the processing of their data as one or more of the purposes described above, by sending us a request at the following e-mail address: <a href=\"mailto:reservas@ilhasdevalor.pt\">reservas@ilhasdevalor.pt<\/a><\/span><span style=\"font-weight: 400;\">,<\/span><span style=\"font-weight: 400;\"> as well as the right to lodge a complaint with the competent authorities.<\/span><span style=\"font-weight: 400;\"><br \/><\/span><\/li>\r\n<li style=\"font-weight: 400;\" aria-level=\"1\"><span style=\"font-weight: 400;\">give this consent freely and voluntarily, and be at least 16 years of age or older.<\/span><span style=\"font-weight: 400;\"><br \/><\/span><span style=\"font-weight: 400;\"><br \/><\/span><span style=\"font-weight: 400;\"><br \/><\/span><b>PRIVACY POLICY<\/b><b><br \/><\/b><\/li>\r\n<\/ol>\r\n<p><span style=\"font-weight: 400;\">In Ilhas de Valor SA, we believe privacy is a serious matter. We are committed to maximizing your experience on our website and platform to the social media, in an environment that is safe and secure. <\/span><span style=\"font-weight: 400;\"><br \/><\/span><span style=\"font-weight: 400;\">It is our policy to treat all personal data in our sole discretion, and to protect them. This Privacy Policy tells you how we collect, protect, use, and share information about you, both online and offline, and hoping to bring you a greater confidence in the  Ilhas de Valor SA and to improve your experience with us. <\/span><span style=\"font-weight: 400;\"><br \/><\/span><span style=\"font-weight: 400;\"><br \/><\/span><span style=\"font-weight: 400;\">Please note that this Privacy Policy applies to the information gathered through the Ilhas de Valor SA only and does not extend to information that can be submitted to other websites or social media platforms to be managed for other persons or organizations to which we may refer. This privacy policy only covers this website. Please carefully read the following terms and conditions.\u00a0<\/span><\/p>\r\n<p>&nbsp;<\/p>\r\n<p><b>1. Your Data<\/b><\/p>\r\n<p><span style=\"font-weight: 400;\">To Ilhas de Valor SA you agree to the processing of your personal data in accordance with the Regulations of the European union (EU) 2016\/679 of the European Parliament and of the Council of 27 April 2016 on the protection of natural persons with regard to the processing of personal data and on the free movement of such data, and repealing Directive 95\/46\/EC (General Regulation on Data Protection).<\/span><span style=\"font-weight: 400;\"><br \/><\/span><span style=\"font-weight: 400;\">This website does not collect any personal information about you unless you provide it to us voluntarily. This means that you do not know your name, your e-mail address or any other personally identifiable information just because you have navigated to this web site up, unless you have created an account and you log in to gain access to the site.<\/span><span style=\"font-weight: 400;\">We only collect information from you when you register on our site or fill out an online form in order to contact you. You may be asked to enter your: name, address, telephone number, date of birth, e-mail address, and other information that are relevant to you.\u00a0<\/span><\/p>\r\n<p><span style=\"font-weight: 400;\">Note that, in order to provide us with certain personal information about you as described in this privacy policy, you are giving your consent for us to use the same for the purposes herein mentioned.<\/span><\/p>\r\n<p><span style=\"font-weight: 400;\">\u00a0<\/span><\/p>\r\n<p><b>2. The use of your data<\/b><\/p>\r\n<p><span style=\"font-weight: 400;\">Any personal data that you provide to us may also be used in the following ways:<\/span><\/p>\r\n<ul>\r\n<li style=\"font-weight: 400;\" aria-level=\"1\"><span style=\"font-weight: 400;\">customize your experience with us<\/span><\/li>\r\n<li style=\"font-weight: 400;\" aria-level=\"1\"><span style=\"font-weight: 400;\">to improve our site, services, and resources that are available<\/span><\/li>\r\n<li style=\"font-weight: 400;\" aria-level=\"1\"><span style=\"font-weight: 400;\">to improve our customer service in general<\/span><\/li>\r\n<li style=\"font-weight: 400;\" aria-level=\"1\"><span style=\"font-weight: 400;\">in order to process the transaction with the related<\/span><\/li>\r\n<li style=\"font-weight: 400;\" aria-level=\"1\"><span style=\"font-weight: 400;\">get in touch with you<\/span><\/li>\r\n<li style=\"font-weight: 400;\" aria-level=\"1\"><span style=\"font-weight: 400;\">to manage a contest, promotion, survey or other feature<\/span><\/li>\r\n<\/ul>\r\n<p><span style=\"font-weight: 400;\">All your data, whether it be public or private, will not be sold, exchanged, transferred, or given to any other company outside of the Ilhas de Valor SA, for any reason whatsoever, without your consent.\u00a0<\/span><\/p>\r\n<p><span style=\"font-weight: 400;\">You can use and to provide you with aggregated information and statistics for the third party to monitor the usage of our website, for the purpose of helping us to develop it, and all of our services. The data is used shall not include any information that can be used to identify any individual person.<\/span><\/p>\r\n<p><span style=\"font-weight: 400;\">Contact information provided by you will be used to send you information and updates related to your orders, in addition to receiving occasional updates from the Ilhas de Valor SA and, with the information, benefits, and promotions regarding products or services are related to one another.<\/span><\/p>\r\n<p><span style=\"font-weight: 400;\">Note: If at any time you wish to unsubscribe from future emails, we include detailed instructions for cancellation, at the bottom of every email.<\/span><span style=\"font-weight: 400;\"><br \/><\/span><span style=\"font-weight: 400;\">A Ilhas de Valor SA guarda os dados dos seus utilizadores nos seus servidores localizados em Portugal e Espanha. Estes servidores s\u00e3o protegidos e mantidos de acordo com os mais elevados standards de seguran\u00e7a e por forma a respeitar as leis de privacidade aplic\u00e1veis.\u00a0<\/span><\/p>\r\n<p><span style=\"font-weight: 400;\">\u00a0<\/span><\/p>\r\n<p><b>3. Security of your information<\/b><\/p>\r\n<p><span style=\"font-weight: 400;\">We adhere to the standards of the industry in order to protect your details during transmission and once received, we will implement a number of measures to maintain the safety and security of the personal data you shared with us.<\/span><\/p>\r\n<p><span style=\"font-weight: 400;\">HOWEVER, YOU SHOULD BE AWARE THAT NO METHOD OF TRANSMISSION OR ELECTRONIC STORAGE IS 100% SECURE, HOWEVER.<\/span><\/p>\r\n<p><span style=\"font-weight: 400;\">FOR THIS REASON, AND TO THE MAXIMUM EXTENT PERMITTED BY APPLICABLE LAW, WE WILL NOT BE RESPONSIBLE FOR ANY COMPLAINTS YOU MAY HAVE. ANY LOSS OR DAMAGE, INCLUDING, WITHOUT LIMITATION, ANY LOSS, DIRECT, INDIRECT, SPECIAL, PUNITIVE, INCIDENTAL, SPECIAL OR CONSEQUENTIAL LOSS OR DAMAGE INCURRED BY YOU OR ANY OTHER USER-RELATED FRAUD, COMPUTER SCIENCE, BUSINESS RISKS, OR OF ANY OTHER BREACH OR CIRCUMSTANCES IN WHICH THE INFORMATION IS ACCESSED OR DISCLOSED WITHOUT OUR EXPRESS PERMISSION.<\/span><\/p>\r\n<p><span style=\"font-weight: 400;\">\u00a0<\/span><\/p>\r\n<p><b>4.Cookies<\/b><b><br \/><\/b><\/p>\r\n<p><span style=\"font-weight: 400;\">A cookie is a small text file that, although it does not collect personal information that you permit us to identify you, you keep on it, on your device (phone, computer, or otherwise), or for general information about browsing, which allow you to further use in the most fast and efficient way.<\/span><span style=\"font-weight: 400;\"><br \/><\/span><span style=\"font-weight: 400;\">A cookie, by itself, does not personally identify any user \/ guest.<\/span><span style=\"font-weight: 400;\"><br \/><\/span><span style=\"font-weight: 400;\">We use technologies such as \u201ccookies\u201d in order to record session information, collect visit and access details to our web pages that enable us to continue to improve our services and provide you with better and more useful features to the users \/ visitors of this website.<\/span><\/p>\r\n<p><span style=\"font-weight: 400;\">The cookie is poor, and has specific functions in order to allow for a better and more personalized navigation.\u00a0<\/span><\/p>\r\n<p><span style=\"font-weight: 400;\">The existence of a cookie does not harm the operation of your device and its operating system. In addition to the information stored in the cookie, and it also stored the information in the \u201clocal storage\u201d on your web browser, with the same purpose of the cookie.\u00a0<\/span><\/p>\r\n<p><span style=\"font-weight: 400;\">Cookies can be of various types: those which make it possible to identify the user and improve the performance of the services on the site and those that will improve the performance of our site, through the analysis of how people use it, and those that allow the user a better browsing individual, and those who gather the information about your browsing habits on the internet, so that your advertising is seen by those appropriate to their needs and interests.\u00a0<\/span><\/p>\r\n<p><span style=\"font-weight: 400;\">The main purpose of our cookies is to improve your experience while browsing it, among other things, help us to remember your preferences. This information allows us to improve our website (for example, by making it easier for the statistical analysis of the use of the same. In view of these purposes, they are not stored by the cookies to the personally identifiable information of a sensitive nature. The information set out in our cookie are used only by us, except for those related to the Google Analytics data (managed by Google).<\/span><\/p>\r\n<p><span style=\"font-weight: 400;\">All of the browsers that allow a user to accept, decline or delete cookies, in particular by selecting the appropriate settings on their browser, so the user can, at any time, to disable some or all cookies on our website.\u00a0<\/span><\/p>\r\n<p><span style=\"font-weight: 400;\">If you choose to disable cookies, you may not be able to access certain parts of our website, your browsing experience will become less effective, as well as to be able to leave for the benefit of any features, functionality or services to you.\u00a0<\/span><\/p>\r\n<p><span style=\"font-weight: 400;\">Note: this list may be updated to reflect new services and functionality on our site, with the introduction of new cookies.<\/span><span style=\"font-weight: 400;\"><br \/><\/span><\/p>\r\n<p>&nbsp;<\/p>\r\n<p><b>5.How should you ensure your safety and security<\/b><\/p>\r\n<p><span style=\"font-weight: 400;\">For your privacy, we recommend that you do not include personal data, in particular, sensitive, or confidential e-mails that you send to us. Please do not send us via e-mail, credit card numbers or any sensitive personal information.<\/span><\/p>\r\n<p><span style=\"font-weight: 400;\">We do not knowingly collect is knowingly the personal information of minors. As a parent or legal guardian, do not allow your children to submit personal information without your permission.<\/span><\/p>\r\n<p><span style=\"font-weight: 400;\">WE ARE NOT RESPONSIBLE FOR THE IDENTIFYING DATA, OR ANY OTHER INFORMATION YOU CHOOSE TO SUBMIT IN FORUMS SUCH AS AN AREA FOR COMMENTS OR FOR ANY OTHER PUBLIC AREA THAT IS ACCESSIBLE, THAT IS ADMINISTERED OR MANAGED.<\/span><\/p>\r\n<p><span style=\"font-weight: 400;\">\u00a0<\/span><\/p>\r\n<p><b>6. Disclosure of personal information to third parties<\/b><\/p>\r\n<p><span style=\"font-weight: 400;\">We do not sell, trade, or otherwise transfer to outside parties your personally identifiable information from you. This does not include trusted third parties who assist us in running our website, mobile applications, conducting our business, or servicing our users, so long as those parties agree to keep this information confidential.\u00a0<\/span><\/p>\r\n<p><span style=\"font-weight: 400;\">We may also release your information when we believe release is appropriate to comply with the law, enforce our site policies, or protect the rights, property, or safety.\u00a0<\/span><\/p>\r\n<p><span style=\"font-weight: 400;\">However, the information on the visitor in a non-personally identifiable information may be provided to other parties for marketing, advertising, or other uses.<\/span><\/p>\r\n<p><span style=\"font-weight: 400;\">\u00a0<\/span><\/p>\r\n<p><b>7.Third-party links<\/b><\/p>\r\n<p><span style=\"font-weight: 400;\">Please note that, even though it&#039;s on a website operated by us, can also be referred to links to third-party websites. Occasionally, at our discretion, we may include or offer third-party services on our platforms.\u00a0<\/span><\/p>\r\n<p><span style=\"font-weight: 400;\">These third party sites have separate privacy policies and self-contained. This policy is not managed or controlled by us, so that in the Ilhas de Valor SA it does not assume any responsibility or liability for the content and activities of these linked websites.\u00a0<\/span><\/p>\r\n<p><span style=\"font-weight: 400;\">Nonetheless, we seek to protect the integrity of our site and our platform, and we appreciate you to contact us if you wish to give us your feedback about it. We recommend that you also read and agree to these terms and conditions and the privacy policies of such linked sites before you submit any personal information, or personal information.<\/span><\/p>\r\n<p><span style=\"font-weight: 400;\">\u00a0<\/span><\/p>\r\n<p><b>8.Your Consent<\/b><\/p>\r\n<p><span style=\"font-weight: 400;\">By using our website and our platforms, you agree to our Privacy Policy.<\/span><\/p>\r\n<p><span style=\"font-weight: 400;\">\u00a0<\/span><\/p>\r\n<p><b>9.Period of retention of your data<\/b><\/p>\r\n<p><span style=\"font-weight: 400;\">It is worth to mention that the personal data that you provide to us, will be retained until you request it to be removed.<\/span><b><\/b><\/p>\r\n<p>&nbsp;<\/p>\r\n<p><b>10.Copyright<\/b><\/p>\r\n<p><span style=\"font-weight: 400;\">All videos, images, sounds, and all of the information on this website, may not be copied, distributed, modified or posted on the digital platform, without the prior permission of the Ilhas de Valor SA.<\/span><\/p>\r\n<p>&nbsp;<\/p>\r\n<p><b>11.Your rights<\/b><\/p>\r\n<p><span style=\"font-weight: 400;\">Because we want to make sure that you are aware of their rights and in accordance with applicable law, we would like to inform you that:<\/span><\/p>\r\n<ul>\r\n<li style=\"font-weight: 400;\" aria-level=\"1\"><span style=\"font-weight: 400;\">Your personal data belongs to you. As such, you have the right to access, rectify, limit, delete and oppose the processing of this data as well as to do the same with the  Ilhas de Valor SA.<\/span><\/li>\r\n<li style=\"font-weight: 400;\" aria-level=\"1\"><span style=\"font-weight: 400;\">We will make every effort to ensure that the data you provide to keep it up to date and stored in accordance with the best standards prevailing in the industry.<\/span><\/li>\r\n<li style=\"font-weight: 400;\" aria-level=\"1\"><span style=\"font-weight: 400;\">You have the right to lodge a complaint with the data protection authority is competent. In the Uk, the competent authority is the National Commission for Data Protection (\u201cCNPD\u201d). More information on the CRPD may be obtained from using the website\u00a0<\/span><a href=\"http:\/\/www.cnpd.pt\/\"><span style=\"font-weight: 400;\">www.cnpd.pt<\/span><\/a><\/li>\r\n<\/ul>\r\n<p><b><br \/><\/b><span style=\"font-weight: 400;\">In order to exercise your rights of access, rectification, erasure, blocking and object to the processing of your personal data that you provide to us, in accordance with the Law no. 67\/98, of 26 October, please send a request to that effect, using the following e-mail address: <a href=\"mailto:reservas@ilhasdevalor.pt\">reservas@ilhasdevalor.pt<\/a>\u00a0<\/span><br \/><br \/><b><\/b><\/p>\r\n<p><b>12.Applicable law\u00a0<\/b><\/p>\r\n<p><span style=\"font-weight: 400;\">These Terms of Use, and the Use shall be governed by and operated in accordance with the legislation in force. Any dispute or question of interpretation of the same shall be submitted to a Court of competent jurisdiction.<\/span><\/p>\r\n<h2 class=\"wp-block-heading\">\u00a0<\/h2>\r\n<p><b>13.Any changes to our Privacy Policy<\/b><\/p>\r\n<p><span style=\"font-weight: 400;\">We reserve the right to update, change, or delete this Privacy Policy to any of the terms contained herein and without any prior. We will note any changes to it on our website, as well as the communication to the contact details indicated above. Your continued use of our site, application, services, and resources offered to you after such notice shall have your consent to such changes.<\/span><\/p>\r\n<p><span style=\"font-weight: 400;\">The version in force was published on September 16, 2024.\u00a0\u00a0<\/span><\/p>\r\n<h2 class=\"wp-block-heading\">\u00a0<\/h2>\r\n<p><b>14.Contact us<\/b><\/p>\r\n<p><span style=\"font-weight: 400;\">In case you have any questions regarding this Privacy Policy, or if you wish to exercise any of the rights mentioned above, please contact us at:<\/span><\/p>\r\n<p><span style=\"font-weight: 400;\">Phone: (+351) 296 498 559<\/span><\/p>\r\n<p><span style=\"font-weight: 400;\">E-mail <a href=\"mailto:reservas@ilhasdevalor.pt\">reservas@ilhasdevalor.pt<\/a><\/span><\/p>\r\n<h2 class=\"wp-block-heading\"><br \/><br \/><br \/><\/h2>","protected":false},"excerpt":{"rendered":"<p>DECLARA\u00c7\u00c3O E CONSENTIMENTO \u00e0 POL\u00cdTICA DE PRIVACIDADE Ao aceitar a presente Pol\u00edtica de Privacidade, est\u00e1 a autorizar que a Ilhas de Valor SA, pessoa coletiva n\u00famero 512 093 601, com sede na Rua do Bom Jesus Aflitos s\/n 9545-294 Fenais da Luz, trate os seus dados pessoais presentes do seu formul\u00e1rio de registo de conta [&hellip;]<\/p>","protected":false},"author":1,"featured_media":0,"parent":0,"menu_order":0,"comment_status":"closed","ping_status":"closed","template":"privacy-general.php","meta":{"footnotes":""},"class_list":["post-3","page","type-page","status-publish","hentry"],"acf":[],"_links":{"self":[{"href":"http:\/\/azoresgolfislands.com\/en\/wp-json\/wp\/v2\/pages\/3"}],"collection":[{"href":"http:\/\/azoresgolfislands.com\/en\/wp-json\/wp\/v2\/pages"}],"about":[{"href":"http:\/\/azoresgolfislands.com\/en\/wp-json\/wp\/v2\/types\/page"}],"author":[{"embeddable":true,"href":"http:\/\/azoresgolfislands.com\/en\/wp-json\/wp\/v2\/users\/1"}],"replies":[{"embeddable":true,"href":"http:\/\/azoresgolfislands.com\/en\/wp-json\/wp\/v2\/comments?post=3"}],"version-history":[{"count":6,"href":"http:\/\/azoresgolfislands.com\/en\/wp-json\/wp\/v2\/pages\/3\/revisions"}],"predecessor-version":[{"id":7042,"href":"http:\/\/azoresgolfislands.com\/en\/wp-json\/wp\/v2\/pages\/3\/revisions\/7042"}],"wp:attachment":[{"href":"http:\/\/azoresgolfislands.com\/en\/wp-json\/wp\/v2\/media?parent=3"}],"curies":[{"name":"wp","href":"https:\/\/api.w.org\/{rel}","templated":true}]}}