{"id":7253,"date":"2024-11-14T16:48:03","date_gmt":"2024-11-14T16:48:03","guid":{"rendered":"http:\/\/azoresgolfislands.com\/?page_id=7253"},"modified":"2024-11-14T16:55:50","modified_gmt":"2024-11-14T16:55:50","slug":"sustentabilidade","status":"publish","type":"page","link":"http:\/\/azoresgolfislands.com\/en\/sustentabilidade\/","title":{"rendered":"Sustentabilidade"},"content":{"rendered":"<div data-elementor-type=\"wp-page\" data-elementor-id=\"7253\" class=\"elementor elementor-7253\">\n\t\t\t\t<div class=\"elementor-element elementor-element-0507a4d e-flex e-con-boxed e-con e-parent\" data-id=\"0507a4d\" data-element_type=\"container\">\n\t\t\t\t\t<div class=\"e-con-inner\">\n\t\t<div class=\"elementor-element elementor-element-ba6e644 e-con-full e-flex e-con e-child\" data-id=\"ba6e644\" data-element_type=\"container\">\n\t\t\t\t<div class=\"elementor-element elementor-element-df1f439 elementor-widget elementor-widget-text-editor\" data-id=\"df1f439\" data-element_type=\"widget\" data-widget_type=\"text-editor.default\">\n\t\t\t\t<div class=\"elementor-widget-container\">\n\t\t\t<style>\/*! elementor - v3.23.0 - 05-08-2024 *\/\n.elementor-widget-text-editor.elementor-drop-cap-view-stacked .elementor-drop-cap{background-color:#69727d;color:#fff}.elementor-widget-text-editor.elementor-drop-cap-view-framed .elementor-drop-cap{color:#69727d;border:3px solid;background-color:transparent}.elementor-widget-text-editor:not(.elementor-drop-cap-view-default) .elementor-drop-cap{margin-top:8px}.elementor-widget-text-editor:not(.elementor-drop-cap-view-default) .elementor-drop-cap-letter{width:1em;height:1em}.elementor-widget-text-editor .elementor-drop-cap{float:left;text-align:center;line-height:1;font-size:50px}.elementor-widget-text-editor .elementor-drop-cap-letter{display:inline-block}<\/style>\t\t\t\t<p>Para a Azores Golf Island, \u00e9 fundamental preservar os ecossistemas locais, proteger as esp\u00e9cies nativas, criar habitats ben\u00e9ficos para a fauna e flora e o uso sustent\u00e1vel de recursos, alinhando-se ao programa de sustentabilidade dos A\u00e7ores que promove um turismo respons\u00e1vel e sustent\u00e1vel, de forma a garantir um desenvolvimento equilibrado e duradouro para a regi\u00e3o.<\/p><p>A Azores Golf Island pretende reduzir o impacto ambiental, para a sustentabilidade dos campos de golfe nos A\u00e7ores, apostamos na substitui\u00e7\u00e3o de fertilizantes sint\u00e9ticos por alternativas org\u00e2nicas, alinhando-se com os princ\u00edpios a\u00e7orianos de preserva\u00e7\u00e3o do solo e de minimiza\u00e7\u00e3o da contamina\u00e7\u00e3o dos recursos h\u00eddricos.<\/p><p>Com a implementa\u00e7\u00e3o destas pr\u00e1ticas demonstramos um compromisso com um desenvolvimento que respeita o ambiente e o programa de sustentabilidade dos A\u00e7ores.<\/p>\t\t\t\t\t\t<\/div>\n\t\t\t\t<\/div>\n\t\t\t\t<\/div>\n\t\t\t\t\t<\/div>\n\t\t\t\t<\/div>\n\t\t<div class=\"elementor-element elementor-element-d1d7590 e-flex e-con-boxed e-con e-parent\" data-id=\"d1d7590\" data-element_type=\"container\">\n\t\t\t\t\t<div class=\"e-con-inner\">\n\t\t\t\t<div class=\"elementor-element elementor-element-a4c1be2 elementor-widget elementor-widget-image\" data-id=\"a4c1be2\" data-element_type=\"widget\" data-widget_type=\"image.default\">\n\t\t\t\t<div class=\"elementor-widget-container\">\n\t\t\t<style>\/*! elementor - v3.23.0 - 05-08-2024 *\/\n.elementor-widget-image{text-align:center}.elementor-widget-image a{display:inline-block}.elementor-widget-image a img[src$=\".svg\"]{width:48px}.elementor-widget-image img{vertical-align:middle;display:inline-block}<\/style>\t\t\t\t\t\t\t\t\t\t<img fetchpriority=\"high\" decoding=\"async\" width=\"1024\" height=\"683\" src=\"https:\/\/azoresgolfislands.com\/wp-content\/uploads\/2024\/11\/pio-mars-01-9-1024x683.jpg\" class=\"attachment-large size-large wp-image-7215\" alt=\"\" srcset=\"https:\/\/azoresgolfislands.com\/wp-content\/uploads\/2024\/11\/pio-mars-01-9-1024x683.jpg 1024w, https:\/\/azoresgolfislands.com\/wp-content\/uploads\/2024\/11\/pio-mars-01-9-300x200.jpg 300w, https:\/\/azoresgolfislands.com\/wp-content\/uploads\/2024\/11\/pio-mars-01-9-768x512.jpg 768w, https:\/\/azoresgolfislands.com\/wp-content\/uploads\/2024\/11\/pio-mars-01-9-1536x1024.jpg 1536w, https:\/\/azoresgolfislands.com\/wp-content\/uploads\/2024\/11\/pio-mars-01-9-2048x1365.jpg 2048w, https:\/\/azoresgolfislands.com\/wp-content\/uploads\/2024\/11\/pio-mars-01-9-18x12.jpg 18w, https:\/\/azoresgolfislands.com\/wp-content\/uploads\/2024\/11\/pio-mars-01-9-600x400.jpg 600w\" sizes=\"(max-width: 1024px) 100vw, 1024px\" \/>\t\t\t\t\t\t\t\t\t\t\t\t\t<\/div>\n\t\t\t\t<\/div>\n\t\t\t\t\t<\/div>\n\t\t\t\t<\/div>\n\t\t\t\t<\/div>","protected":false},"excerpt":{"rendered":"<p>Para a Azores Golf Island, \u00e9 fundamental preservar os ecossistemas locais, proteger as esp\u00e9cies nativas, criar habitats ben\u00e9ficos para a fauna e flora e o uso sustent\u00e1vel de recursos, alinhando-se ao programa de sustentabilidade dos A\u00e7ores que promove um turismo respons\u00e1vel e sustent\u00e1vel, de forma a garantir um desenvolvimento equilibrado e duradouro para a regi\u00e3o. [&hellip;]<\/p>","protected":false},"author":1,"featured_media":0,"parent":0,"menu_order":0,"comment_status":"closed","ping_status":"closed","template":"","meta":{"footnotes":""},"class_list":["post-7253","page","type-page","status-publish","hentry"],"acf":[],"_links":{"self":[{"href":"http:\/\/azoresgolfislands.com\/en\/wp-json\/wp\/v2\/pages\/7253"}],"collection":[{"href":"http:\/\/azoresgolfislands.com\/en\/wp-json\/wp\/v2\/pages"}],"about":[{"href":"http:\/\/azoresgolfislands.com\/en\/wp-json\/wp\/v2\/types\/page"}],"author":[{"embeddable":true,"href":"http:\/\/azoresgolfislands.com\/en\/wp-json\/wp\/v2\/users\/1"}],"replies":[{"embeddable":true,"href":"http:\/\/azoresgolfislands.com\/en\/wp-json\/wp\/v2\/comments?post=7253"}],"version-history":[{"count":8,"href":"http:\/\/azoresgolfislands.com\/en\/wp-json\/wp\/v2\/pages\/7253\/revisions"}],"predecessor-version":[{"id":7262,"href":"http:\/\/azoresgolfislands.com\/en\/wp-json\/wp\/v2\/pages\/7253\/revisions\/7262"}],"wp:attachment":[{"href":"http:\/\/azoresgolfislands.com\/en\/wp-json\/wp\/v2\/media?parent=7253"}],"curies":[{"name":"wp","href":"https:\/\/api.w.org\/{rel}","templated":true}]}}