{"id":6322,"date":"2024-08-29T09:17:39","date_gmt":"2024-08-29T09:17:39","guid":{"rendered":"http:\/\/azoresgolfislands.com\/?post_type=product&#038;p=6322"},"modified":"2024-11-13T14:10:24","modified_gmt":"2024-11-13T14:10:24","slug":"batismo-de-golfe-em-familia","status":"publish","type":"product","link":"http:\/\/azoresgolfislands.com\/en\/product\/batismo-de-golfe-em-familia\/","title":{"rendered":"Family Golf Baptism"},"content":{"rendered":"<p>Up to 2 Adults and one child (Adds 5\u20ac per child)<\/p>\n<p>9:00 \u2013 Arrival at camp<\/p>\n<p>9:15 \u2013 Introduction to the golf course<\/p>\n<p>Practice swing<\/p>\n<p>Practice putting green<\/p>\n<p>Short game practice<\/p>\n<p>12:00 \u2013 End of the business.<\/p>\n<p>Terms and Conditions for The activity that happens on the availability of the staff.<\/p>\n<p>Reservations for a minimum of 48 hours prior to arrival.<\/p>\n<p>Players will need to bring comfortable shoes.<\/p>\n<p>Equipment - Equipment to be included.<\/p>\n<p>Sign up now<\/p>\n<p>Learn more reservas@ilhasdevalor.pt<\/p>\n<p>Call us now at<\/p>\n<p>(+351) 296 498\u00a0559<\/p>\n<p>\u20ac 40 \/ Lesson<\/p>\n<p>Check It Now<\/p>\n<p>Up to 2 adults and a young child, there is a supplement of\u20ac 5 per extra child<\/p>\n<p>All prices are inclusive of VAT<\/p>","protected":false},"excerpt":{"rendered":"<p>2 Adultos e uma crian\u00e7a (Acrescenta 5\u20ac por cada crian\u00e7a) 9:00 \u2013 Chegada ao Campo 9:15 &#8211; Introdu\u00e7\u00e3o ao golfe Pr\u00e1tica de swing Pr\u00e1tica de putt Pr\u00e1tica de jogo curto 12:00 &#8211; T\u00e9rmino da atividade. Termos e Condi\u00e7\u00f5es &#8211; A atividade acontece mediante a disponibilidade dos profissionais. Reservas com um m\u00ednimo de 48 horas de [&hellip;]<\/p>","protected":false},"featured_media":6330,"comment_status":"closed","ping_status":"closed","template":"","meta":[],"product_cat":[110],"product_tag":[],"class_list":{"0":"post-6322","1":"product","2":"type-product","3":"status-publish","4":"has-post-thumbnail","6":"product_cat-aulas-de-golfe","8":"first","9":"instock","10":"virtual","11":"taxable","12":"purchasable","13":"product-type-phive_booking"},"exclude_global_add_ons":false,"addons":[{"name":"Campo de Golfe","type":"multiple_choice","position":0,"required":true,"title_format":"label","description_enable":false,"description":"","placeholder_enable":false,"placeholder":"","display":"select","restrictions_type":"any_text","adjust_price":false,"price":"","price_type":"flat_fee","restrictions":false,"min":0,"max":0,"options":[{"label":"Batalha","price":"","price_type":"flat_fee","image":0},{"label":"Furnas","price":"","price_type":"flat_fee","image":0},{"label":"Terceira","price":"","price_type":"flat_fee","image":0}],"id":1724943665},{"name":"Nome do Respons\u00e1vel","type":"custom_text","position":1,"required":true,"title_format":"label","description_enable":false,"description":"","placeholder_enable":false,"placeholder":"","display":"select","restrictions_type":"any_text","adjust_price":false,"price":"","price_type":"flat_fee","restrictions":false,"min":0,"max":0,"options":[],"id":1731505901}],"acf":[],"_links":{"self":[{"href":"http:\/\/azoresgolfislands.com\/en\/wp-json\/wp\/v2\/product\/6322"}],"collection":[{"href":"http:\/\/azoresgolfislands.com\/en\/wp-json\/wp\/v2\/product"}],"about":[{"href":"http:\/\/azoresgolfislands.com\/en\/wp-json\/wp\/v2\/types\/product"}],"replies":[{"embeddable":true,"href":"http:\/\/azoresgolfislands.com\/en\/wp-json\/wp\/v2\/comments?post=6322"}],"wp:featuredmedia":[{"embeddable":true,"href":"http:\/\/azoresgolfislands.com\/en\/wp-json\/wp\/v2\/media\/6330"}],"wp:attachment":[{"href":"http:\/\/azoresgolfislands.com\/en\/wp-json\/wp\/v2\/media?parent=6322"}],"wp:term":[{"taxonomy":"product_cat","embeddable":true,"href":"http:\/\/azoresgolfislands.com\/en\/wp-json\/wp\/v2\/product_cat?post=6322"},{"taxonomy":"product_tag","embeddable":true,"href":"http:\/\/azoresgolfislands.com\/en\/wp-json\/wp\/v2\/product_tag?post=6322"}],"curies":[{"name":"wp","href":"https:\/\/api.w.org\/{rel}","templated":true}]}}