{"id":6327,"date":"2024-08-29T09:43:52","date_gmt":"2024-08-29T09:43:52","guid":{"rendered":"http:\/\/azoresgolfislands.com\/?post_type=product&#038;p=6327"},"modified":"2024-11-22T10:53:39","modified_gmt":"2024-11-22T10:53:39","slug":"aulas-de-golfe-em-ferias","status":"publish","type":"product","link":"http:\/\/azoresgolfislands.com\/en\/product\/aulas-de-golfe-em-ferias\/","title":{"rendered":"Golf lessons in the Holidays"},"content":{"rendered":"<p>The classes are open to all skill levels.<br \/>\nTake advantage of your vacation to improve your game, with one of our PGA Pro s.<br \/>\nThe total time of the activity, it is 3h30 minutes.<br \/>\nSchedule of classes to confirm the subscription.<\/p>\n<p>Prices (include VAT):<br \/>\nPrice for 2 persons: \u20ac 80 \/ Person<br \/>\nPrice for 3 to 4 persons: \u20ac 70 \/ Person<\/p>\n<p>Sign up now<br \/>\nCall us now at<br \/>\n(+351) 296 498 559<br \/>\nThe Batalha Golf course<br \/>\n(+351) 295 902 444<br \/>\nThe Terceira Golf course<br \/>\nE-mail<br \/>\n<a href=\"mailto:reservas@ilhasdevalor.pt\">reservas@ilhasdevalor.pt<\/a><\/p>","protected":false},"excerpt":{"rendered":"<p>As aulas est\u00e3o dispon\u00edveis para todos os n\u00edveis. Aproveite as suas f\u00e9rias para melhorar o seu n\u00edvel de jogo com um de nossos PGA Pro`s. O tempo total da atividade \u00e9 de 3h30 minutos. Hor\u00e1rio das aulas a confirmar na inscri\u00e7\u00e3o. Pre\u00e7os (incluem IVA): Pre\u00e7o para 2 pessoas: \u20ac 80 \/ Pessoa Pre\u00e7o para 3 [&hellip;]<\/p>","protected":false},"featured_media":6331,"comment_status":"closed","ping_status":"closed","template":"","meta":[],"product_cat":[110],"product_tag":[],"class_list":{"0":"post-6327","1":"product","2":"type-product","3":"status-publish","4":"has-post-thumbnail","6":"product_cat-aulas-de-golfe","8":"first","9":"instock","10":"virtual","11":"taxable","12":"purchasable","13":"product-type-phive_booking"},"exclude_global_add_ons":true,"addons":[{"name":"Campo de Golfe","type":"multiple_choice","position":0,"required":true,"title_format":"label","description_enable":false,"description":"","placeholder_enable":false,"placeholder":"","display":"select","restrictions_type":"any_text","adjust_price":false,"price":"","price_type":"flat_fee","restrictions":false,"min":0,"max":0,"options":[{"label":"Batalha","price":"","price_type":"flat_fee","image":0},{"label":"Furnas","price":"","price_type":"flat_fee","image":0},{"label":"Terceira","price":"","price_type":"flat_fee","image":0}],"id":1724943750},{"name":"Nome do Respons\u00e1vel","type":"custom_text","position":1,"required":true,"title_format":"label","description_enable":false,"description":"","placeholder_enable":false,"placeholder":"","display":"select","restrictions_type":"any_text","adjust_price":false,"price":"","price_type":"flat_fee","restrictions":false,"min":0,"max":0,"options":[],"id":1731602675},{"name":"Restantes participantes","type":"custom_textarea","position":2,"required":false,"title_format":"label","description_enable":true,"description":"Indique o nome dos restantes participantes","placeholder_enable":false,"placeholder":"","display":"select","restrictions_type":"any_text","adjust_price":false,"price":"","price_type":"flat_fee","restrictions":false,"min":0,"max":0,"options":[],"id":1731602676}],"acf":[],"_links":{"self":[{"href":"http:\/\/azoresgolfislands.com\/en\/wp-json\/wp\/v2\/product\/6327"}],"collection":[{"href":"http:\/\/azoresgolfislands.com\/en\/wp-json\/wp\/v2\/product"}],"about":[{"href":"http:\/\/azoresgolfislands.com\/en\/wp-json\/wp\/v2\/types\/product"}],"replies":[{"embeddable":true,"href":"http:\/\/azoresgolfislands.com\/en\/wp-json\/wp\/v2\/comments?post=6327"}],"wp:featuredmedia":[{"embeddable":true,"href":"http:\/\/azoresgolfislands.com\/en\/wp-json\/wp\/v2\/media\/6331"}],"wp:attachment":[{"href":"http:\/\/azoresgolfislands.com\/en\/wp-json\/wp\/v2\/media?parent=6327"}],"wp:term":[{"taxonomy":"product_cat","embeddable":true,"href":"http:\/\/azoresgolfislands.com\/en\/wp-json\/wp\/v2\/product_cat?post=6327"},{"taxonomy":"product_tag","embeddable":true,"href":"http:\/\/azoresgolfislands.com\/en\/wp-json\/wp\/v2\/product_tag?post=6327"}],"curies":[{"name":"wp","href":"https:\/\/api.w.org\/{rel}","templated":true}]}}