{"id":47,"date":"2021-03-09T14:28:33","date_gmt":"2021-03-09T14:28:33","guid":{"rendered":"https:\/\/fairwaygreen.qodeinteractive.com\/?page_id=47"},"modified":"2024-11-13T16:44:27","modified_gmt":"2024-11-13T16:44:27","slug":"sobre-nos","status":"publish","type":"page","link":"https:\/\/azoresgolfislands.com\/en\/sobre-nos\/","title":{"rendered":"About us"},"content":{"rendered":"<div data-elementor-type=\"wp-page\" data-elementor-id=\"47\" class=\"elementor elementor-47\">\n\t\t\t\t<div class=\"elementor-element elementor-element-8bb0b1f e-flex e-con-boxed e-con e-parent\" data-id=\"8bb0b1f\" data-element_type=\"container\">\n\t\t\t\t\t<div class=\"e-con-inner\">\n\t\t<div class=\"elementor-element elementor-element-bcdfb74 e-con-full e-flex e-con e-child\" data-id=\"bcdfb74\" data-element_type=\"container\">\n\t\t\t\t<div class=\"elementor-element elementor-element-cd64983 elementor-widget elementor-widget-image\" data-id=\"cd64983\" data-element_type=\"widget\" data-widget_type=\"image.default\">\n\t\t\t\t<div class=\"elementor-widget-container\">\n\t\t\t<style>\/*! elementor - v3.23.0 - 05-08-2024 *\/\n.elementor-widget-image{text-align:center}.elementor-widget-image a{display:inline-block}.elementor-widget-image a img[src$=\".svg\"]{width:48px}.elementor-widget-image img{vertical-align:middle;display:inline-block}<\/style>\t\t\t\t\t\t\t\t\t\t<img fetchpriority=\"high\" decoding=\"async\" width=\"488\" height=\"543\" src=\"https:\/\/azoresgolfislands.com\/wp-content\/uploads\/2024\/08\/a3c60305-97f1-4b6b-ae92-a589623d6dcc-1-1.png\" class=\"attachment-large size-large wp-image-5855\" alt=\"\" srcset=\"https:\/\/azoresgolfislands.com\/wp-content\/uploads\/2024\/08\/a3c60305-97f1-4b6b-ae92-a589623d6dcc-1-1.png 488w, https:\/\/azoresgolfislands.com\/wp-content\/uploads\/2024\/08\/a3c60305-97f1-4b6b-ae92-a589623d6dcc-1-1-270x300.png 270w\" sizes=\"(max-width: 488px) 100vw, 488px\" \/>\t\t\t\t\t\t\t\t\t\t\t\t\t<\/div>\n\t\t\t\t<\/div>\n\t\t\t\t<\/div>\n\t\t<div class=\"elementor-element elementor-element-73ecc08 e-con-full e-flex e-con e-child\" data-id=\"73ecc08\" data-element_type=\"container\">\n\t\t\t\t<div class=\"elementor-element elementor-element-4dc0866 elementor-widget elementor-widget-heading\" data-id=\"4dc0866\" data-element_type=\"widget\" data-widget_type=\"heading.default\">\n\t\t\t\t<div class=\"elementor-widget-container\">\n\t\t\t<style>\/*! elementor - v3.23.0 - 05-08-2024 *\/\n.elementor-heading-title{padding:0;margin:0;line-height:1}.elementor-widget-heading .elementor-heading-title[class*=elementor-size-]>a{color:inherit;font-size:inherit;line-height:inherit}.elementor-widget-heading .elementor-heading-title.elementor-size-small{font-size:15px}.elementor-widget-heading .elementor-heading-title.elementor-size-medium{font-size:19px}.elementor-widget-heading .elementor-heading-title.elementor-size-large{font-size:29px}.elementor-widget-heading .elementor-heading-title.elementor-size-xl{font-size:39px}.elementor-widget-heading .elementor-heading-title.elementor-size-xxl{font-size:59px}<\/style><h2 class=\"elementor-heading-title elementor-size-default\">Azores Golf Islands<\/h2>\t\t<\/div>\n\t\t\t\t<\/div>\n\t\t\t\t<div class=\"elementor-element elementor-element-25d5535 elementor-widget elementor-widget-text-editor\" data-id=\"25d5535\" data-element_type=\"widget\" data-widget_type=\"text-editor.default\">\n\t\t\t\t<div class=\"elementor-widget-container\">\n\t\t\t<style>\/*! elementor - v3.23.0 - 05-08-2024 *\/\n.elementor-widget-text-editor.elementor-drop-cap-view-stacked .elementor-drop-cap{background-color:#69727d;color:#fff}.elementor-widget-text-editor.elementor-drop-cap-view-framed .elementor-drop-cap{color:#69727d;border:3px solid;background-color:transparent}.elementor-widget-text-editor:not(.elementor-drop-cap-view-default) .elementor-drop-cap{margin-top:8px}.elementor-widget-text-editor:not(.elementor-drop-cap-view-default) .elementor-drop-cap-letter{width:1em;height:1em}.elementor-widget-text-editor .elementor-drop-cap{float:left;text-align:center;line-height:1;font-size:50px}.elementor-widget-text-editor .elementor-drop-cap-letter{display:inline-block}<\/style>\t\t\t\t<p>The Azores Golf Islands is a registered trademark of the Ilhas de Valor SA, which covers the three areas of the Golf course, in the Autonomous Region of the Azores. These are the Golf courses in Terceira, Batalha and Furnas.<\/p><p><br \/>The Golf course at Terceira is located on the Island of Terceira, and it was inaugurated in 1954, by an agreement between the Autonomous Region and the deployment of the armed forces of the united states the island.<\/p><p><br \/>It is located in the interior of the island, where you can catch a glimpse of the beauty and characteristic of the green islands of the azores in the far distance of 18 and an extraordinary hole in it. Flanked on either side by a great japanese, which not only make the game more challenging, still creates a stunning drawing of a mouth.<\/p><p>The Clubhouse of the Golf course Terceira is the largest room in the events on the Island, culminating in the social and economic life of the Third<\/p>\t\t\t\t\t\t<\/div>\n\t\t\t\t<\/div>\n\t\t\t\t<\/div>\n\t\t\t\t\t<\/div>\n\t\t\t\t<\/div>\n\t\t<div class=\"elementor-element elementor-element-4ff9a4b e-flex e-con-boxed e-con e-parent\" data-id=\"4ff9a4b\" data-element_type=\"container\">\n\t\t\t\t\t<div class=\"e-con-inner\">\n\t\t<div class=\"elementor-element elementor-element-01ea45b e-con-full e-flex e-con e-child\" data-id=\"01ea45b\" data-element_type=\"container\">\n\t\t\t\t<div class=\"elementor-element elementor-element-20273ad elementor-widget elementor-widget-image\" data-id=\"20273ad\" data-element_type=\"widget\" data-widget_type=\"image.default\">\n\t\t\t\t<div class=\"elementor-widget-container\">\n\t\t\t\t\t\t\t\t\t\t\t\t\t<img decoding=\"async\" width=\"485\" height=\"502\" src=\"https:\/\/azoresgolfislands.com\/wp-content\/uploads\/2024\/08\/4-5-C-Batalha-1.png\" class=\"attachment-large size-large wp-image-5856\" alt=\"\" srcset=\"https:\/\/azoresgolfislands.com\/wp-content\/uploads\/2024\/08\/4-5-C-Batalha-1.png 485w, https:\/\/azoresgolfislands.com\/wp-content\/uploads\/2024\/08\/4-5-C-Batalha-1-290x300.png 290w\" sizes=\"(max-width: 485px) 100vw, 485px\" \/>\t\t\t\t\t\t\t\t\t\t\t\t\t<\/div>\n\t\t\t\t<\/div>\n\t\t\t\t<\/div>\n\t\t<div class=\"elementor-element elementor-element-a7e54b0 e-con-full e-flex e-con e-child\" data-id=\"a7e54b0\" data-element_type=\"container\">\n\t\t\t\t<div class=\"elementor-element elementor-element-c0a558d elementor-widget elementor-widget-text-editor\" data-id=\"c0a558d\" data-element_type=\"widget\" data-widget_type=\"text-editor.default\">\n\t\t\t\t<div class=\"elementor-widget-container\">\n\t\t\t\t\t\t\t<p>The golf course Batalha, it is situated on the North Coast of the Island of S\u00e3o Miguel, with a backdrop of rolling hills, covered in trees and with a breathtaking view of the Atlantic Ocean. The 27-hole course is laid out in a 3 x 9-hole course, an area of 120 hectares of landscape, typical of the azores, and is divided into 3 circuits, each of which is characterized by the flora is different.\u00a0<\/p><p><br \/>Considered to be one of the golf courses, the largest in the country, it has great greens, wide fairways, and rich, and the best of the contours of the winding.<br \/>The golf course provides a unique backdrop for a wedding, among other types of events.<\/p><p><br \/>The oldest Golf course in the Azores, in Furnasl, is located in one of the most beautiful areas on the Island of S\u00e3o Miguel island, high above the Vale das Furnas, and near the crater of Lagoa das Furnas, and was described as \u201cone of golf's most intimate, and exquisitely beautiful in the world, we were rated the best golf course in Portugal and Spain.<\/p>\t\t\t\t\t\t<\/div>\n\t\t\t\t<\/div>\n\t\t\t\t<\/div>\n\t\t\t\t\t<\/div>\n\t\t\t\t<\/div>\n\t\t<div class=\"elementor-element elementor-element-2515aa8 e-flex e-con-boxed e-con e-parent\" data-id=\"2515aa8\" data-element_type=\"container\">\n\t\t\t\t\t<div class=\"e-con-inner\">\n\t\t<div class=\"elementor-element elementor-element-b87f73b e-con-full e-flex e-con e-child\" data-id=\"b87f73b\" data-element_type=\"container\">\n\t\t\t\t<div class=\"elementor-element elementor-element-d7c26e9 elementor-widget elementor-widget-image\" data-id=\"d7c26e9\" data-element_type=\"widget\" data-widget_type=\"image.default\">\n\t\t\t\t<div class=\"elementor-widget-container\">\n\t\t\t\t\t\t\t\t\t\t\t\t\t<img decoding=\"async\" width=\"490\" height=\"361\" src=\"https:\/\/azoresgolfislands.com\/wp-content\/uploads\/2024\/08\/4-5-C-Batalha-3.png\" class=\"attachment-large size-large wp-image-5857\" alt=\"\" srcset=\"https:\/\/azoresgolfislands.com\/wp-content\/uploads\/2024\/08\/4-5-C-Batalha-3.png 490w, https:\/\/azoresgolfislands.com\/wp-content\/uploads\/2024\/08\/4-5-C-Batalha-3-300x221.png 300w\" sizes=\"(max-width: 490px) 100vw, 490px\" \/>\t\t\t\t\t\t\t\t\t\t\t\t\t<\/div>\n\t\t\t\t<\/div>\n\t\t\t\t<\/div>\n\t\t<div class=\"elementor-element elementor-element-8bccafc e-con-full e-flex e-con e-child\" data-id=\"8bccafc\" data-element_type=\"container\">\n\t\t\t\t<div class=\"elementor-element elementor-element-6ea50fc elementor-widget elementor-widget-text-editor\" data-id=\"6ea50fc\" data-element_type=\"widget\" data-widget_type=\"text-editor.default\">\n\t\t\t\t<div class=\"elementor-widget-container\">\n\t\t\t\t\t\t\t<p>The course features greens, elevated bunkered, and the contours of evil, and rolling fairways framed by the thumb of the cedar trees in japan.<br \/>The golf course is the original 9-hole course was completed in 1936, and designed by MacKenzie Ross (also known by the Estoril Golf course, was expanded in 1992 under the supervision of the Cameron-Powell, thus becoming a golf course and a full 18-hole course.<br \/>The purpose of the Azores Golf Islands is to say in the world of golf, with its green fields of the quality of the Azores, which are frequented by a lot of different nationalities.<\/p>\t\t\t\t\t\t<\/div>\n\t\t\t\t<\/div>\n\t\t\t\t<\/div>\n\t\t\t\t\t<\/div>\n\t\t\t\t<\/div>\n\t\t<div class=\"elementor-element elementor-element-a82f623 faqs e-flex e-con-boxed e-con e-parent\" data-id=\"a82f623\" data-element_type=\"container\">\n\t\t\t\t\t<div class=\"e-con-inner\">\n\t\t<div class=\"elementor-element elementor-element-77601a0 e-con-full e-flex e-con e-child\" data-id=\"77601a0\" data-element_type=\"container\">\n\t\t\t\t<div class=\"elementor-element elementor-element-3a1645c elementor-widget elementor-widget-image\" data-id=\"3a1645c\" data-element_type=\"widget\" data-widget_type=\"image.default\">\n\t\t\t\t<div class=\"elementor-widget-container\">\n\t\t\t\t\t\t\t\t\t\t\t\t\t<img loading=\"lazy\" decoding=\"async\" width=\"488\" height=\"547\" src=\"https:\/\/azoresgolfislands.com\/wp-content\/uploads\/2024\/08\/a3c60305-97f1-4b6b-ae92-a589623d6dcc-2.png\" class=\"attachment-large size-large wp-image-5861\" alt=\"\" srcset=\"https:\/\/azoresgolfislands.com\/wp-content\/uploads\/2024\/08\/a3c60305-97f1-4b6b-ae92-a589623d6dcc-2.png 488w, https:\/\/azoresgolfislands.com\/wp-content\/uploads\/2024\/08\/a3c60305-97f1-4b6b-ae92-a589623d6dcc-2-268x300.png 268w\" sizes=\"(max-width: 488px) 100vw, 488px\" \/>\t\t\t\t\t\t\t\t\t\t\t\t\t<\/div>\n\t\t\t\t<\/div>\n\t\t\t\t<\/div>\n\t\t<div class=\"elementor-element elementor-element-2ffab2c e-con-full e-flex e-con e-child\" data-id=\"2ffab2c\" data-element_type=\"container\">\n\t\t\t\t<div class=\"elementor-element elementor-element-4c60efd elementor-widget elementor-widget-fairwaygreen_core_accordion\" data-id=\"4c60efd\" data-element_type=\"widget\" data-widget_type=\"fairwaygreen_core_accordion.default\">\n\t\t\t\t<div class=\"elementor-widget-container\">\n\t\t\t<div class=\"qodef-shortcode qodef-m  qodef-accordion clear qodef-behavior--accordion qodef-layout--simple\">\n\t<h5 class=\"qodef-accordion-title\">\n\t<span class=\"qodef-tab-title\">How far away is the Golf course of the war, and to the Caves of Ponta Delgada?<\/span>\n\t<span class=\"qodef-accordion-mark\">\n\t\t<span class=\"qodef-line--vertical\"><\/span>\n\t\t<span class=\"qodef-line--horizontal\"><\/span>\n\t<\/span>\n<\/h5>\n<div class=\"qodef-accordion-content\">\n\t<div class=\"qodef-accordion-content-inner\">\n\t\t<p>Distance<br \/>We practice the same prices in all three fields<\/p>\t<\/div>\n<\/div>\n<h5 class=\"qodef-accordion-title\">\n\t<span class=\"qodef-tab-title\">What happens if it rains?<\/span>\n\t<span class=\"qodef-accordion-mark\">\n\t\t<span class=\"qodef-line--vertical\"><\/span>\n\t\t<span class=\"qodef-line--horizontal\"><\/span>\n\t<\/span>\n<\/h5>\n<div class=\"qodef-accordion-content\">\n\t<div class=\"qodef-accordion-content-inner\">\n\t\t<p>You can reschedule the activity.<\/p>\t<\/div>\n<\/div>\n<h5 class=\"qodef-accordion-title\">\n\t<span class=\"qodef-tab-title\">Classes are available at each of the Golf course?<\/span>\n\t<span class=\"qodef-accordion-mark\">\n\t\t<span class=\"qodef-line--vertical\"><\/span>\n\t\t<span class=\"qodef-line--horizontal\"><\/span>\n\t<\/span>\n<\/h5>\n<div class=\"qodef-accordion-content\">\n\t<div class=\"qodef-accordion-content-inner\">\n\t\t<p>The lessons are the same for all three fields<\/p>\t<\/div>\n<\/div>\n<\/div>\n\t\t<\/div>\n\t\t\t\t<\/div>\n\t\t\t\t<\/div>\n\t\t\t\t\t<\/div>\n\t\t\t\t<\/div>\n\t\t<div class=\"elementor-element elementor-element-5dd582a e-flex e-con-boxed e-con e-parent\" data-id=\"5dd582a\" data-element_type=\"container\">\n\t\t\t\t\t<div class=\"e-con-inner\">\n\t\t\t\t<div class=\"elementor-element elementor-element-8791e04 elementor-widget elementor-widget-fairwaygreen_core_video_button\" data-id=\"8791e04\" data-element_type=\"widget\" data-widget_type=\"fairwaygreen_core_video_button.default\">\n\t\t\t\t<div class=\"elementor-widget-container\">\n\t\t\t<div class=\"qodef-shortcode qodef-m  qodef-video-button  qodef--has-img\">\n\t\t<div class=\"qodef-m-image\" >\n\t\t<img loading=\"lazy\" decoding=\"async\" width=\"1215\" height=\"379\" src=\"https:\/\/azoresgolfislands.com\/wp-content\/uploads\/2024\/08\/ClubHouse-Batalha-1-1.png\" class=\"attachment-full size-full\" alt=\"\" srcset=\"https:\/\/azoresgolfislands.com\/wp-content\/uploads\/2024\/08\/ClubHouse-Batalha-1-1.png 1215w, https:\/\/azoresgolfislands.com\/wp-content\/uploads\/2024\/08\/ClubHouse-Batalha-1-1-600x187.png 600w, https:\/\/azoresgolfislands.com\/wp-content\/uploads\/2024\/08\/ClubHouse-Batalha-1-1-300x94.png 300w, https:\/\/azoresgolfislands.com\/wp-content\/uploads\/2024\/08\/ClubHouse-Batalha-1-1-1024x319.png 1024w, https:\/\/azoresgolfislands.com\/wp-content\/uploads\/2024\/08\/ClubHouse-Batalha-1-1-768x240.png 768w\" sizes=\"(max-width: 1215px) 100vw, 1215px\" \/>\t<\/div>\n\t\t<a itemprop=\"url\" class=\"qodef-m-play qodef-magnific-popup qodef-popup-item\"  href=\"https:\/\/www.youtube.com\/watch?v=PzBqSSVo2UA\" data-type=\"iframe\">\n\t\t<span class=\"qodef-m-play-inner\">\n\t\t\t<svg class=\"qodef-svg-play\" xmlns=\"http:\/\/www.w3.org\/2000\/svg\" xmlns:xlink=\"http:\/\/www.w3.org\/1999\/xlink\" width=\"29\" height=\"34\" viewbox=\"0 0 29 34\"><path xmlns=\"http:\/\/www.w3.org\/2000\/svg\" d=\"M975.005,2340.5L947,2357v-33Z\" transform=\"translate(-946.5 -2323.5)\"\/><\/svg>\t\t\t<svg class=\"qodef-svg-play\" xmlns=\"http:\/\/www.w3.org\/2000\/svg\" xmlns:xlink=\"http:\/\/www.w3.org\/1999\/xlink\" width=\"29\" height=\"34\" viewbox=\"0 0 29 34\"><path xmlns=\"http:\/\/www.w3.org\/2000\/svg\" d=\"M975.005,2340.5L947,2357v-33Z\" transform=\"translate(-946.5 -2323.5)\"\/><\/svg>\t\t\t<svg class=\"qodef-svg-circle\" xmlns=\"http:\/\/www.w3.org\/2000\/svg\"><circle cx=\"50%\" cy=\"50%\" r=\"49.5%\"><\/circle><\/svg>\t\t\t<svg class=\"qodef-svg-circle\" xmlns=\"http:\/\/www.w3.org\/2000\/svg\"><circle cx=\"50%\" cy=\"50%\" r=\"49.5%\"><\/circle><\/svg>\t\t<\/span>\n\t<\/a>\n<\/div>\n\t\t<\/div>\n\t\t\t\t<\/div>\n\t\t\t\t\t<\/div>\n\t\t\t\t<\/div>\n\t\t\t\t<\/div>","protected":false},"excerpt":{"rendered":"<p>Azores Golf Islands A Azores Golf Islands \u00e9 uma marca da Ilhas de Valor SA, que compreende os tr\u00eas campos de Golfe, da Regi\u00e3o Aut\u00f3noma dos A\u00e7ores. S\u00e3o eles o campo de Golfe da Terceira, da Batalha e das Furnas. O campo de Golfe da Terceira situa-se na Ilha Terceira e foi inaugurado em 1954, [&hellip;]<\/p>","protected":false},"author":1,"featured_media":0,"parent":0,"menu_order":0,"comment_status":"closed","ping_status":"closed","template":"","meta":{"footnotes":""},"class_list":["post-47","page","type-page","status-publish","hentry"],"acf":[],"_links":{"self":[{"href":"https:\/\/azoresgolfislands.com\/en\/wp-json\/wp\/v2\/pages\/47"}],"collection":[{"href":"https:\/\/azoresgolfislands.com\/en\/wp-json\/wp\/v2\/pages"}],"about":[{"href":"https:\/\/azoresgolfislands.com\/en\/wp-json\/wp\/v2\/types\/page"}],"author":[{"embeddable":true,"href":"https:\/\/azoresgolfislands.com\/en\/wp-json\/wp\/v2\/users\/1"}],"replies":[{"embeddable":true,"href":"https:\/\/azoresgolfislands.com\/en\/wp-json\/wp\/v2\/comments?post=47"}],"version-history":[{"count":48,"href":"https:\/\/azoresgolfislands.com\/en\/wp-json\/wp\/v2\/pages\/47\/revisions"}],"predecessor-version":[{"id":7246,"href":"https:\/\/azoresgolfislands.com\/en\/wp-json\/wp\/v2\/pages\/47\/revisions\/7246"}],"wp:attachment":[{"href":"https:\/\/azoresgolfislands.com\/en\/wp-json\/wp\/v2\/media?parent=47"}],"curies":[{"name":"wp","href":"https:\/\/api.w.org\/{rel}","templated":true}]}}